{"id":1793,"date":"2023-03-30T08:28:06","date_gmt":"2023-03-30T06:28:06","guid":{"rendered":"https:\/\/www.novicide.de\/?page_id=1793"},"modified":"2023-11-06T18:07:13","modified_gmt":"2023-11-06T17:07:13","slug":"data-privacy","status":"publish","type":"page","link":"https:\/\/www.novicide.de\/en\/data-privacy\/","title":{"rendered":"Data Privacy"},"content":{"rendered":"\t\t<div data-elementor-type=\"wp-page\" data-elementor-id=\"1793\" class=\"elementor elementor-1793 elementor-3\" data-elementor-post-type=\"page\">\n\t\t\t\t<div class=\"elementor-element elementor-element-d8164f2 e-con-full page-content-wrapper e-flex e-con e-parent\" data-id=\"d8164f2\" data-element_type=\"container\" data-settings=\"{&quot;content_width&quot;:&quot;full&quot;,&quot;container_type&quot;:&quot;flex&quot;}\" data-core-v316-plus=\"true\">\n\t\t<div class=\"elementor-element elementor-element-47f83af e-con-full page-content-header e-flex e-con e-child\" data-id=\"47f83af\" data-element_type=\"container\" data-settings=\"{&quot;content_width&quot;:&quot;full&quot;,&quot;container_type&quot;:&quot;flex&quot;}\">\n\t\t\t\t<div class=\"elementor-element elementor-element-64d315f page-content-header-banner elementor-widget elementor-widget-image\" data-id=\"64d315f\" data-element_type=\"widget\" data-widget_type=\"image.default\">\n\t\t\t\t<div class=\"elementor-widget-container\">\n\t\t\t<style>\/*! elementor - v3.19.0 - 29-01-2024 *\/\n.elementor-widget-image{text-align:center}.elementor-widget-image a{display:inline-block}.elementor-widget-image a img[src$=\".svg\"]{width:48px}.elementor-widget-image img{vertical-align:middle;display:inline-block}<\/style>\t\t\t\t\t\t\t\t\t\t<img fetchpriority=\"high\" decoding=\"async\" width=\"1920\" height=\"490\" src=\"https:\/\/www.novicide.de\/wp-content\/uploads\/header_ueber_uns.jpg\" class=\"attachment-full size-full wp-image-2030\" alt=\"\" srcset=\"https:\/\/www.novicide.de\/wp-content\/uploads\/header_ueber_uns.jpg 1920w, https:\/\/www.novicide.de\/wp-content\/uploads\/header_ueber_uns-300x77.jpg 300w, https:\/\/www.novicide.de\/wp-content\/uploads\/header_ueber_uns-1024x261.jpg 1024w, https:\/\/www.novicide.de\/wp-content\/uploads\/header_ueber_uns-768x196.jpg 768w, https:\/\/www.novicide.de\/wp-content\/uploads\/header_ueber_uns-1536x392.jpg 1536w\" sizes=\"(max-width: 1920px) 100vw, 1920px\" \/>\t\t\t\t\t\t\t\t\t\t\t\t\t<\/div>\n\t\t\t\t<\/div>\n\t\t<div class=\"elementor-element elementor-element-b85b6f3 e-con-full clip--wave-top e-flex e-con e-child\" data-id=\"b85b6f3\" data-element_type=\"container\" data-settings=\"{&quot;content_width&quot;:&quot;full&quot;,&quot;container_type&quot;:&quot;flex&quot;}\">\n\t\t\t\t<div class=\"elementor-element elementor-element-157e2d9 elementor-absolute elementor-widget elementor-widget-image\" data-id=\"157e2d9\" data-element_type=\"widget\" data-settings=\"{&quot;_position&quot;:&quot;absolute&quot;}\" data-widget_type=\"image.default\">\n\t\t\t\t<div class=\"elementor-widget-container\">\n\t\t\t\t\t\t\t\t\t\t\t\t\t<img fetchpriority=\"high\" decoding=\"async\" width=\"1920\" height=\"490\" src=\"https:\/\/www.novicide.de\/wp-content\/uploads\/header_ueber_uns.jpg\" class=\"attachment-full size-full wp-image-2030\" alt=\"\" srcset=\"https:\/\/www.novicide.de\/wp-content\/uploads\/header_ueber_uns.jpg 1920w, https:\/\/www.novicide.de\/wp-content\/uploads\/header_ueber_uns-300x77.jpg 300w, https:\/\/www.novicide.de\/wp-content\/uploads\/header_ueber_uns-1024x261.jpg 1024w, https:\/\/www.novicide.de\/wp-content\/uploads\/header_ueber_uns-768x196.jpg 768w, https:\/\/www.novicide.de\/wp-content\/uploads\/header_ueber_uns-1536x392.jpg 1536w\" sizes=\"(max-width: 1920px) 100vw, 1920px\" \/>\t\t\t\t\t\t\t\t\t\t\t\t\t<\/div>\n\t\t\t\t<\/div>\n\t\t\t\t<\/div>\n\t\t\t\t<\/div>\n\t\t<div class=\"elementor-element elementor-element-726175b e-con-full page-content-body e-flex e-con e-child\" data-id=\"726175b\" data-element_type=\"container\" data-settings=\"{&quot;content_width&quot;:&quot;full&quot;,&quot;container_type&quot;:&quot;flex&quot;}\">\n\t\t<div class=\"elementor-element elementor-element-7068f22 page-content e-flex e-con-boxed e-con e-child\" data-id=\"7068f22\" data-element_type=\"container\" data-settings=\"{&quot;container_type&quot;:&quot;flex&quot;,&quot;content_width&quot;:&quot;boxed&quot;}\">\n\t\t\t\t\t<div class=\"e-con-inner\">\n\t\t\t\t<div class=\"elementor-element elementor-element-300f229 elementor-widget elementor-widget-heading\" data-id=\"300f229\" data-element_type=\"widget\" data-widget_type=\"heading.default\">\n\t\t\t\t<div class=\"elementor-widget-container\">\n\t\t\t<style>\/*! elementor - v3.19.0 - 29-01-2024 *\/\n.elementor-heading-title{padding:0;margin:0;line-height:1}.elementor-widget-heading .elementor-heading-title[class*=elementor-size-]>a{color:inherit;font-size:inherit;line-height:inherit}.elementor-widget-heading .elementor-heading-title.elementor-size-small{font-size:15px}.elementor-widget-heading .elementor-heading-title.elementor-size-medium{font-size:19px}.elementor-widget-heading .elementor-heading-title.elementor-size-large{font-size:29px}.elementor-widget-heading .elementor-heading-title.elementor-size-xl{font-size:39px}.elementor-widget-heading .elementor-heading-title.elementor-size-xxl{font-size:59px}<\/style><h1 class=\"elementor-heading-title elementor-size-default\">Data Privacy Policy (DE)<\/h1>\t\t<\/div>\n\t\t\t\t<\/div>\n\t\t\t\t<div class=\"elementor-element elementor-element-ea614ed elementor-widget elementor-widget-spacer\" data-id=\"ea614ed\" data-element_type=\"widget\" data-widget_type=\"spacer.default\">\n\t\t\t\t<div class=\"elementor-widget-container\">\n\t\t\t<style>\/*! elementor - v3.19.0 - 29-01-2024 *\/\n.elementor-column .elementor-spacer-inner{height:var(--spacer-size)}.e-con{--container-widget-width:100%}.e-con-inner>.elementor-widget-spacer,.e-con>.elementor-widget-spacer{width:var(--container-widget-width,var(--spacer-size));--align-self:var(--container-widget-align-self,initial);--flex-shrink:0}.e-con-inner>.elementor-widget-spacer>.elementor-widget-container,.e-con>.elementor-widget-spacer>.elementor-widget-container{height:100%;width:100%}.e-con-inner>.elementor-widget-spacer>.elementor-widget-container>.elementor-spacer,.e-con>.elementor-widget-spacer>.elementor-widget-container>.elementor-spacer{height:100%}.e-con-inner>.elementor-widget-spacer>.elementor-widget-container>.elementor-spacer>.elementor-spacer-inner,.e-con>.elementor-widget-spacer>.elementor-widget-container>.elementor-spacer>.elementor-spacer-inner{height:var(--container-widget-height,var(--spacer-size))}.e-con-inner>.elementor-widget-spacer.elementor-widget-empty,.e-con>.elementor-widget-spacer.elementor-widget-empty{position:relative;min-height:22px;min-width:22px}.e-con-inner>.elementor-widget-spacer.elementor-widget-empty .elementor-widget-empty-icon,.e-con>.elementor-widget-spacer.elementor-widget-empty .elementor-widget-empty-icon{position:absolute;top:0;bottom:0;left:0;right:0;margin:auto;padding:0;width:22px;height:22px}<\/style>\t\t<div class=\"elementor-spacer\">\n\t\t\t<div class=\"elementor-spacer-inner\"><\/div>\n\t\t<\/div>\n\t\t\t\t<\/div>\n\t\t\t\t<\/div>\n\t\t\t\t<div class=\"elementor-element elementor-element-73a1d9e color-hx-blue-dark elementor-widget elementor-widget-text-editor\" data-id=\"73a1d9e\" data-element_type=\"widget\" data-widget_type=\"text-editor.default\">\n\t\t\t\t<div class=\"elementor-widget-container\">\n\t\t\t<style>\/*! elementor - v3.19.0 - 29-01-2024 *\/\n.elementor-widget-text-editor.elementor-drop-cap-view-stacked .elementor-drop-cap{background-color:#69727d;color:#fff}.elementor-widget-text-editor.elementor-drop-cap-view-framed .elementor-drop-cap{color:#69727d;border:3px solid;background-color:transparent}.elementor-widget-text-editor:not(.elementor-drop-cap-view-default) .elementor-drop-cap{margin-top:8px}.elementor-widget-text-editor:not(.elementor-drop-cap-view-default) .elementor-drop-cap-letter{width:1em;height:1em}.elementor-widget-text-editor .elementor-drop-cap{float:left;text-align:center;line-height:1;font-size:50px}.elementor-widget-text-editor .elementor-drop-cap-letter{display:inline-block}<\/style>\t\t\t\t<h2>Name und Adresse des f\u00fcr die Verarbeitung Verantwortlichen<\/h2>\n<p>Novicide GmbH<br>Am S\u00e4gewerk 1a<br>85107 Baar-Ebenhausen<br>Deutschland<\/p>\n<p>Telefon: <a href=\"tel:+4984533345940\">+49 (0) 8453 \u2013 33 45 940<\/a><br>E-Mail: <a href=\"mailto:info@novicide.de\">info@novicide.de<\/a><br>Website: <a href=\"https:\/\/www.novicide.de\/\">www.novicide.de<\/a><\/p>\n<h2>Datenschutz<\/h2>\n<p>Wir von Novicide nehmen das Thema Datenschutz sehr ernst und m\u00f6chten dadurch Ihre Privatsph\u00e4re so weit wie m\u00f6glich sch\u00fctzen. Deshalb halten wir uns genauestens bei der Erhebung, Verarbeitung und Nutzung Ihrer personenbezogenen Daten an die gesetzlichen Bestimmungen sowie an die von uns selbst gesetzten Richtlinien.<\/p>\n<h2>Auskunft, L\u00f6schung, Sperrung<\/h2>\n<p>Wir geben jederzeit Auskunft \u00fcber die von uns gespeicherten personenbezogenen Daten zu Ihrer Person, sowie zur Herkunft, dem Empf\u00e4nger und dem Zweck von Datenerhebung sowie Datenverarbeitung. Diese Information ist f\u00fcr Sie nicht kostenpflichtig. Au\u00dferdem haben Sie das Recht, die Berichtigung, die Sperrung oder L\u00f6schung Ihrer Daten zu verlangen. Dies gilt nicht f\u00fcr Daten, die aufgrund gesetzlicher Vorschriften aufbewahrt oder zur ordnungsgem\u00e4\u00dfen Gesch\u00e4ftsabwicklung ben\u00f6tigt werden. Damit eine Datensperre jederzeit realisiert werden kann, werden Daten zu Kontrollzwecken in einer Sperrdatei vorgehalten.<\/p><p>Wir l\u00f6schen Ihre Daten auf Ihren Wunsch, sofern diese nicht von einer gesetzlichen Archivierungsfrist erfasst wurden.<\/p>\n<h2>Erhebung statistischer Daten \/ Cookies<\/h2>\n<p>Wenn Sie unsere Webseite besuchen, sammelt unser Webserver \u00fcber Ihren Besuch verschiedene Protokollinformationen, sogenannte Logs, wie zum Beispiel Ihre IP-Adresse, die sie von Ihrem Online-Anbieter erhalten haben. Es ist uns nicht m\u00f6glich diese Daten Ihnen pers\u00f6nlich zuzuordnen. S\u00e4mtliche dieser Informationen werden von uns ausschlie\u00dflich zu statistischen Zwecken ausgewertet, um unseren Online-Auftritt f\u00fcr Sie weiterhin zu verbessern. Eine Verkn\u00fcpfung mit anderen personenbezogenen Daten erfolgt nat\u00fcrlich nicht.<\/p><p>Gleiches gilt f\u00fcr die von uns verwendeten Cookies. Cookies sind kurze Textdateien, in denen Informationen auf Ihrem PC gespeichert und bei Ihrem n\u00e4chsten Besuch ohne Ihr Zutun wieder abgerufen werden k\u00f6nnen. Sie k\u00f6nnen in Ihrem Webbrowser die Verwendung von Cookies sperren. Dies kann allerdings dazu f\u00fchren, dass einzelne Funktionen, die Ihnen die Nutzung unseres Angebots erleichtern (z.B. Speicherung Ihrer Zugangsdaten und pers\u00f6nlichen Einstellungen), nicht mehr funktionieren.<\/p>\n<h2>Sicherheit personenbezogener Daten<\/h2>\n<p>Wir treffen technische und organisatorische Ma\u00dfnahmen, um die Sicherheit Ihrer bei uns gespeicherten personenbezogenen Daten zu gew\u00e4hrleisten. Ihre Daten werden gewissenhaft von uns vor Verlust, Zerst\u00f6rung, Verf\u00e4lschung, Manipulation und unberechtigtem Zugriff oder unberechtigter Offenlegung gesch\u00fctzt.<\/p>\n<h2>Personenbezogene Daten<\/h2>\n<p>Wir erheben personenbezogene Daten im Rahmen von Datenvermeidung nur in dem Ausma\u00df und dem Zeitraum, wie es zur Nutzung unserer Webseite notwendig ist, bzw. vom Gesetzgeber vorgeschrieben wird. Beim Schutz Ihrer pers\u00f6nlichen Daten halten wir uns bei Erhebung und Verarbeitung personenbezogener Daten streng an die entsprechenden gesetzlichen Vorschriften und an diese Datenschutzerkl\u00e4rung. Sobald der Zweck der Datenerhebung wegf\u00e4llt oder das Ende der gesetzlichen Speicherfrist erreicht ist, werden die von uns erhobenen Daten gesperrt oder gel\u00f6scht. Wenn wir personenbezogene Daten erheben \u2013wie z.B. Ihren Namen, Ihre Anschrift oder Ihre E-Mail-Adresse \u2013 erfolgt diese Datenerhebung freiwillig. Unsere Webseite kann regelm\u00e4\u00dfig ohne Weitergabe pers\u00f6nlicher Daten genutzt werden. Diese Daten werden ohne ausdr\u00fcckliche Zustimmung Ihrerseits nicht an Dritte weitergegeben. Bitte beachten Sie, dass die \u00dcbertragung der Daten im Internet allgemein nicht immer sicher ist. Speziell im E-Mail-Verkehr kann der Schutz beim Datenaustausch nicht garantiert werden.<\/p>\n<h2>SSL-Verschl\u00fcsselung<\/h2>\n<p>F\u00fcr die \u00dcbermittlung vertraulicher oder pers\u00f6nlicher Inhalte unserer Nutzer verwendet unsere Webseite eine SSL-Verschl\u00fcsselung. Diese kommt beispielsweise bei Anfragen, welche Sie an uns unsere Webseite stellen, zum Einsatz. Bitte beachten Sie, dass die SSL-Verschl\u00fcsselung bei entsprechenden Aktivit\u00e4ten von Ihrer Seite her aktiviert ist. Der Einsatz der Verschl\u00fcsselung ist leicht zu erkennen: Die Anzeige in Ihrer Browserzeile wechselt von \u201ehttp:\/\/\u201c zu \u201ehttps:\/\/\u201c. Daten, die \u00fcber SSL verschl\u00fcsselt werden, sind f\u00fcr Dritte nicht lesbar. Wir empfehlen Ihnen Ihre vertraulichen Informationen nur bei aktivierter SSL-Verschl\u00fcsselung anzugeben. Im Zweifelsfall k\u00f6nnen Sie uns gerne kontaktieren.<\/p>\t\t\t\t\t\t<\/div>\n\t\t\t\t<\/div>\n\t\t\t\t<div class=\"elementor-element elementor-element-4cf2b51 spacer--80y-on-1920x-eq-100vw elementor-widget elementor-widget-spacer\" data-id=\"4cf2b51\" data-element_type=\"widget\" data-widget_type=\"spacer.default\">\n\t\t\t\t<div class=\"elementor-widget-container\">\n\t\t\t\t\t<div class=\"elementor-spacer\">\n\t\t\t<div class=\"elementor-spacer-inner\"><\/div>\n\t\t<\/div>\n\t\t\t\t<\/div>\n\t\t\t\t<\/div>\n\t\t\t\t\t<\/div>\n\t\t\t\t<\/div>\n\t\t\t\t<\/div>\n\t\t\t\t<\/div>\n\t\t\t\t<\/div>\n\t\t","protected":false},"excerpt":{"rendered":"<p>Data Privacy Policy (DE) Name und Adresse des f\u00fcr die Verarbeitung Verantwortlichen Novicide GmbHAm S\u00e4gewerk 1a85107 Baar-EbenhausenDeutschland Telefon: +49 (0) 8453 \u2013 33 45 940E-Mail: info@novicide.deWebsite: www.novicide.de Datenschutz Wir von Novicide nehmen das Thema Datenschutz sehr ernst und m\u00f6chten dadurch Ihre Privatsph\u00e4re so weit wie m\u00f6glich sch\u00fctzen. Deshalb halten wir uns genauestens bei der Erhebung, [&hellip;]<\/p>\n","protected":false},"author":1,"featured_media":0,"parent":0,"menu_order":0,"comment_status":"closed","ping_status":"closed","template":"","meta":{"inline_featured_image":false,"footnotes":""},"categories":[],"tags":[],"page-template-category":[18],"acf":[],"yoast_head":"<!-- This site is optimized with the Yoast SEO plugin v21.5 - https:\/\/yoast.com\/wordpress\/plugins\/seo\/ -->\n<title>Data Privacy - Novicide GmbH<\/title>\n<meta name=\"robots\" content=\"index, follow, max-snippet:-1, max-image-preview:large, max-video-preview:-1\" \/>\n<link rel=\"canonical\" href=\"https:\/\/www.novicide.de\/de\/datenschutz\/\" \/>\n<meta property=\"og:locale\" content=\"en_US\" \/>\n<meta property=\"og:type\" content=\"article\" \/>\n<meta property=\"og:title\" content=\"Data Privacy - Novicide GmbH\" \/>\n<meta property=\"og:description\" content=\"Data Privacy Policy (DE) Name und Adresse des f\u00fcr die Verarbeitung Verantwortlichen Novicide GmbHAm S\u00e4gewerk 1a85107 Baar-EbenhausenDeutschland Telefon: +49 (0) 8453 \u2013 33 45 940E-Mail: info@novicide.deWebsite: www.novicide.de Datenschutz Wir von Novicide nehmen das Thema Datenschutz sehr ernst und m\u00f6chten dadurch Ihre Privatsph\u00e4re so weit wie m\u00f6glich sch\u00fctzen. Deshalb halten wir uns genauestens bei der Erhebung, [&hellip;]\" \/>\n<meta property=\"og:url\" content=\"https:\/\/www.novicide.de\/de\/datenschutz\/\" \/>\n<meta property=\"og:site_name\" content=\"Novicide GmbH\" \/>\n<meta property=\"article:modified_time\" content=\"2023-11-06T17:07:13+00:00\" \/>\n<meta property=\"og:image\" content=\"https:\/\/www.novicide.de\/wp-content\/uploads\/header_ueber_uns.jpg\" \/>\n<meta name=\"twitter:card\" content=\"summary_large_image\" \/>\n<meta name=\"twitter:label1\" content=\"Est. reading time\" \/>\n\t<meta name=\"twitter:data1\" content=\"3 minutes\" \/>\n<script type=\"application\/ld+json\" class=\"yoast-schema-graph\">{\"@context\":\"https:\/\/schema.org\",\"@graph\":[{\"@type\":\"WebPage\",\"@id\":\"https:\/\/www.novicide.de\/de\/datenschutz\/\",\"url\":\"https:\/\/www.novicide.de\/de\/datenschutz\/\",\"name\":\"Data Privacy - Novicide GmbH\",\"isPartOf\":{\"@id\":\"https:\/\/www.novicide.de\/de\/#website\"},\"datePublished\":\"2023-03-30T06:28:06+00:00\",\"dateModified\":\"2023-11-06T17:07:13+00:00\",\"breadcrumb\":{\"@id\":\"https:\/\/www.novicide.de\/de\/datenschutz\/#breadcrumb\"},\"inLanguage\":\"en-US\",\"potentialAction\":[{\"@type\":\"ReadAction\",\"target\":[\"https:\/\/www.novicide.de\/de\/datenschutz\/\"]}]},{\"@type\":\"BreadcrumbList\",\"@id\":\"https:\/\/www.novicide.de\/de\/datenschutz\/#breadcrumb\",\"itemListElement\":[{\"@type\":\"ListItem\",\"position\":1,\"name\":\"Startseite\",\"item\":\"https:\/\/www.novicide.de\/en\/\"},{\"@type\":\"ListItem\",\"position\":2,\"name\":\"Data Privacy\"}]},{\"@type\":\"WebSite\",\"@id\":\"https:\/\/www.novicide.de\/de\/#website\",\"url\":\"https:\/\/www.novicide.de\/de\/\",\"name\":\"Novicide GmbH\",\"description\":\"Professionelle Desinfektions- und Hygieneprodukte\",\"publisher\":{\"@id\":\"https:\/\/www.novicide.de\/de\/#organization\"},\"potentialAction\":[{\"@type\":\"SearchAction\",\"target\":{\"@type\":\"EntryPoint\",\"urlTemplate\":\"https:\/\/www.novicide.de\/de\/?s={search_term_string}\"},\"query-input\":\"required name=search_term_string\"}],\"inLanguage\":\"en-US\"},{\"@type\":\"Organization\",\"@id\":\"https:\/\/www.novicide.de\/de\/#organization\",\"name\":\"Novicide GmbH\",\"alternateName\":\"Novicide\",\"url\":\"https:\/\/www.novicide.de\/de\/\",\"logo\":{\"@type\":\"ImageObject\",\"inLanguage\":\"en-US\",\"@id\":\"https:\/\/www.novicide.de\/de\/#\/schema\/logo\/image\/\",\"url\":\"https:\/\/www.novicide.de\/wp-content\/uploads\/logo-novicide.png\",\"contentUrl\":\"https:\/\/www.novicide.de\/wp-content\/uploads\/logo-novicide.png\",\"width\":308,\"height\":76,\"caption\":\"Novicide GmbH\"},\"image\":{\"@id\":\"https:\/\/www.novicide.de\/de\/#\/schema\/logo\/image\/\"}}]}<\/script>\n<!-- \/ Yoast SEO plugin. -->","yoast_head_json":{"title":"Data Privacy - Novicide GmbH","robots":{"index":"index","follow":"follow","max-snippet":"max-snippet:-1","max-image-preview":"max-image-preview:large","max-video-preview":"max-video-preview:-1"},"canonical":"https:\/\/www.novicide.de\/de\/datenschutz\/","og_locale":"en_US","og_type":"article","og_title":"Data Privacy - Novicide GmbH","og_description":"Data Privacy Policy (DE) Name und Adresse des f\u00fcr die Verarbeitung Verantwortlichen Novicide GmbHAm S\u00e4gewerk 1a85107 Baar-EbenhausenDeutschland Telefon: +49 (0) 8453 \u2013 33 45 940E-Mail: info@novicide.deWebsite: www.novicide.de Datenschutz Wir von Novicide nehmen das Thema Datenschutz sehr ernst und m\u00f6chten dadurch Ihre Privatsph\u00e4re so weit wie m\u00f6glich sch\u00fctzen. Deshalb halten wir uns genauestens bei der Erhebung, [&hellip;]","og_url":"https:\/\/www.novicide.de\/de\/datenschutz\/","og_site_name":"Novicide GmbH","article_modified_time":"2023-11-06T17:07:13+00:00","og_image":[{"url":"https:\/\/www.novicide.de\/wp-content\/uploads\/header_ueber_uns.jpg"}],"twitter_card":"summary_large_image","twitter_misc":{"Est. reading time":"3 minutes"},"schema":{"@context":"https:\/\/schema.org","@graph":[{"@type":"WebPage","@id":"https:\/\/www.novicide.de\/de\/datenschutz\/","url":"https:\/\/www.novicide.de\/de\/datenschutz\/","name":"Data Privacy - Novicide GmbH","isPartOf":{"@id":"https:\/\/www.novicide.de\/de\/#website"},"datePublished":"2023-03-30T06:28:06+00:00","dateModified":"2023-11-06T17:07:13+00:00","breadcrumb":{"@id":"https:\/\/www.novicide.de\/de\/datenschutz\/#breadcrumb"},"inLanguage":"en-US","potentialAction":[{"@type":"ReadAction","target":["https:\/\/www.novicide.de\/de\/datenschutz\/"]}]},{"@type":"BreadcrumbList","@id":"https:\/\/www.novicide.de\/de\/datenschutz\/#breadcrumb","itemListElement":[{"@type":"ListItem","position":1,"name":"Startseite","item":"https:\/\/www.novicide.de\/en\/"},{"@type":"ListItem","position":2,"name":"Data Privacy"}]},{"@type":"WebSite","@id":"https:\/\/www.novicide.de\/de\/#website","url":"https:\/\/www.novicide.de\/de\/","name":"Novicide GmbH","description":"Professionelle Desinfektions- und Hygieneprodukte","publisher":{"@id":"https:\/\/www.novicide.de\/de\/#organization"},"potentialAction":[{"@type":"SearchAction","target":{"@type":"EntryPoint","urlTemplate":"https:\/\/www.novicide.de\/de\/?s={search_term_string}"},"query-input":"required name=search_term_string"}],"inLanguage":"en-US"},{"@type":"Organization","@id":"https:\/\/www.novicide.de\/de\/#organization","name":"Novicide GmbH","alternateName":"Novicide","url":"https:\/\/www.novicide.de\/de\/","logo":{"@type":"ImageObject","inLanguage":"en-US","@id":"https:\/\/www.novicide.de\/de\/#\/schema\/logo\/image\/","url":"https:\/\/www.novicide.de\/wp-content\/uploads\/logo-novicide.png","contentUrl":"https:\/\/www.novicide.de\/wp-content\/uploads\/logo-novicide.png","width":308,"height":76,"caption":"Novicide GmbH"},"image":{"@id":"https:\/\/www.novicide.de\/de\/#\/schema\/logo\/image\/"}}]}},"_links":{"self":[{"href":"https:\/\/www.novicide.de\/en\/wp-json\/wp\/v2\/pages\/1793"}],"collection":[{"href":"https:\/\/www.novicide.de\/en\/wp-json\/wp\/v2\/pages"}],"about":[{"href":"https:\/\/www.novicide.de\/en\/wp-json\/wp\/v2\/types\/page"}],"author":[{"embeddable":true,"href":"https:\/\/www.novicide.de\/en\/wp-json\/wp\/v2\/users\/1"}],"replies":[{"embeddable":true,"href":"https:\/\/www.novicide.de\/en\/wp-json\/wp\/v2\/comments?post=1793"}],"version-history":[{"count":7,"href":"https:\/\/www.novicide.de\/en\/wp-json\/wp\/v2\/pages\/1793\/revisions"}],"predecessor-version":[{"id":2086,"href":"https:\/\/www.novicide.de\/en\/wp-json\/wp\/v2\/pages\/1793\/revisions\/2086"}],"wp:attachment":[{"href":"https:\/\/www.novicide.de\/en\/wp-json\/wp\/v2\/media?parent=1793"}],"wp:term":[{"taxonomy":"category","embeddable":true,"href":"https:\/\/www.novicide.de\/en\/wp-json\/wp\/v2\/categories?post=1793"},{"taxonomy":"post_tag","embeddable":true,"href":"https:\/\/www.novicide.de\/en\/wp-json\/wp\/v2\/tags?post=1793"},{"taxonomy":"page-template-category","embeddable":true,"href":"https:\/\/www.novicide.de\/en\/wp-json\/wp\/v2\/page-template-category?post=1793"}],"curies":[{"name":"wp","href":"https:\/\/api.w.org\/{rel}","templated":true}]}}