{"id":6,"date":"2023-03-30T14:08:30","date_gmt":"2023-03-30T12:08:30","guid":{"rendered":"http:\/\/kri23.gib-dev.com\/?page_id=6"},"modified":"2024-07-30T08:56:35","modified_gmt":"2024-07-30T06:56:35","slug":"impressum","status":"publish","type":"page","link":"https:\/\/www.novicide.de\/de\/impressum\/","title":{"rendered":"Impressum"},"content":{"rendered":"\t\t<div data-elementor-type=\"wp-page\" data-elementor-id=\"6\" class=\"elementor elementor-6\" data-elementor-post-type=\"page\">\n\t\t\t\t<div class=\"elementor-element elementor-element-75baa8e e-con-full page-content-wrapper e-flex e-con e-parent\" data-id=\"75baa8e\" data-element_type=\"container\" data-settings=\"{&quot;content_width&quot;:&quot;full&quot;,&quot;container_type&quot;:&quot;flex&quot;}\" data-core-v316-plus=\"true\">\n\t\t<div class=\"elementor-element elementor-element-a8e7811 e-con-full page-content-header e-flex e-con e-child\" data-id=\"a8e7811\" data-element_type=\"container\" data-settings=\"{&quot;content_width&quot;:&quot;full&quot;,&quot;container_type&quot;:&quot;flex&quot;}\">\n\t\t\t\t<div class=\"elementor-element elementor-element-76e0d1c page-content-header-banner elementor-widget elementor-widget-image\" data-id=\"76e0d1c\" data-element_type=\"widget\" data-widget_type=\"image.default\">\n\t\t\t\t<div class=\"elementor-widget-container\">\n\t\t\t<style>\/*! elementor - v3.19.0 - 29-01-2024 *\/\n.elementor-widget-image{text-align:center}.elementor-widget-image a{display:inline-block}.elementor-widget-image a img[src$=\".svg\"]{width:48px}.elementor-widget-image img{vertical-align:middle;display:inline-block}<\/style>\t\t\t\t\t\t\t\t\t\t<img fetchpriority=\"high\" decoding=\"async\" width=\"1920\" height=\"490\" src=\"https:\/\/www.novicide.de\/wp-content\/uploads\/header_ueber_uns.jpg\" class=\"attachment-full size-full wp-image-2029\" alt=\"\" srcset=\"https:\/\/www.novicide.de\/wp-content\/uploads\/header_ueber_uns.jpg 1920w, https:\/\/www.novicide.de\/wp-content\/uploads\/header_ueber_uns-300x77.jpg 300w, https:\/\/www.novicide.de\/wp-content\/uploads\/header_ueber_uns-1024x261.jpg 1024w, https:\/\/www.novicide.de\/wp-content\/uploads\/header_ueber_uns-768x196.jpg 768w, https:\/\/www.novicide.de\/wp-content\/uploads\/header_ueber_uns-1536x392.jpg 1536w\" sizes=\"(max-width: 1920px) 100vw, 1920px\" \/>\t\t\t\t\t\t\t\t\t\t\t\t\t<\/div>\n\t\t\t\t<\/div>\n\t\t<div class=\"elementor-element elementor-element-55a0ca0 e-con-full clip--wave-top e-flex e-con e-child\" data-id=\"55a0ca0\" data-element_type=\"container\" data-settings=\"{&quot;content_width&quot;:&quot;full&quot;,&quot;container_type&quot;:&quot;flex&quot;}\">\n\t\t\t\t<div class=\"elementor-element elementor-element-88ee615 elementor-absolute elementor-widget elementor-widget-image\" data-id=\"88ee615\" data-element_type=\"widget\" data-settings=\"{&quot;_position&quot;:&quot;absolute&quot;}\" data-widget_type=\"image.default\">\n\t\t\t\t<div class=\"elementor-widget-container\">\n\t\t\t\t\t\t\t\t\t\t\t\t\t<img fetchpriority=\"high\" decoding=\"async\" width=\"1920\" height=\"490\" src=\"https:\/\/www.novicide.de\/wp-content\/uploads\/header_ueber_uns.jpg\" class=\"attachment-full size-full wp-image-2029\" alt=\"\" srcset=\"https:\/\/www.novicide.de\/wp-content\/uploads\/header_ueber_uns.jpg 1920w, https:\/\/www.novicide.de\/wp-content\/uploads\/header_ueber_uns-300x77.jpg 300w, https:\/\/www.novicide.de\/wp-content\/uploads\/header_ueber_uns-1024x261.jpg 1024w, https:\/\/www.novicide.de\/wp-content\/uploads\/header_ueber_uns-768x196.jpg 768w, https:\/\/www.novicide.de\/wp-content\/uploads\/header_ueber_uns-1536x392.jpg 1536w\" sizes=\"(max-width: 1920px) 100vw, 1920px\" \/>\t\t\t\t\t\t\t\t\t\t\t\t\t<\/div>\n\t\t\t\t<\/div>\n\t\t\t\t<\/div>\n\t\t\t\t<\/div>\n\t\t<div class=\"elementor-element elementor-element-c2bc7c3 e-con-full page-content-body e-flex e-con e-child\" data-id=\"c2bc7c3\" data-element_type=\"container\" data-settings=\"{&quot;content_width&quot;:&quot;full&quot;,&quot;container_type&quot;:&quot;flex&quot;}\">\n\t\t<div class=\"elementor-element elementor-element-f403b97 page-content e-flex e-con-boxed e-con e-child\" data-id=\"f403b97\" data-element_type=\"container\" data-settings=\"{&quot;container_type&quot;:&quot;flex&quot;,&quot;content_width&quot;:&quot;boxed&quot;}\">\n\t\t\t\t\t<div class=\"e-con-inner\">\n\t\t\t\t<div class=\"elementor-element elementor-element-2e263f9 elementor-widget elementor-widget-heading\" data-id=\"2e263f9\" data-element_type=\"widget\" data-widget_type=\"heading.default\">\n\t\t\t\t<div class=\"elementor-widget-container\">\n\t\t\t<style>\/*! elementor - v3.19.0 - 29-01-2024 *\/\n.elementor-heading-title{padding:0;margin:0;line-height:1}.elementor-widget-heading .elementor-heading-title[class*=elementor-size-]>a{color:inherit;font-size:inherit;line-height:inherit}.elementor-widget-heading .elementor-heading-title.elementor-size-small{font-size:15px}.elementor-widget-heading .elementor-heading-title.elementor-size-medium{font-size:19px}.elementor-widget-heading .elementor-heading-title.elementor-size-large{font-size:29px}.elementor-widget-heading .elementor-heading-title.elementor-size-xl{font-size:39px}.elementor-widget-heading .elementor-heading-title.elementor-size-xxl{font-size:59px}<\/style><h1 class=\"elementor-heading-title elementor-size-default\">Impressum<\/h1>\t\t<\/div>\n\t\t\t\t<\/div>\n\t\t\t\t<div class=\"elementor-element elementor-element-4e22793 color-hx-blue-dark elementor-widget elementor-widget-text-editor\" data-id=\"4e22793\" data-element_type=\"widget\" data-widget_type=\"text-editor.default\">\n\t\t\t\t<div class=\"elementor-widget-container\">\n\t\t\t<style>\/*! elementor - v3.19.0 - 29-01-2024 *\/\n.elementor-widget-text-editor.elementor-drop-cap-view-stacked .elementor-drop-cap{background-color:#69727d;color:#fff}.elementor-widget-text-editor.elementor-drop-cap-view-framed .elementor-drop-cap{color:#69727d;border:3px solid;background-color:transparent}.elementor-widget-text-editor:not(.elementor-drop-cap-view-default) .elementor-drop-cap{margin-top:8px}.elementor-widget-text-editor:not(.elementor-drop-cap-view-default) .elementor-drop-cap-letter{width:1em;height:1em}.elementor-widget-text-editor .elementor-drop-cap{float:left;text-align:center;line-height:1;font-size:50px}.elementor-widget-text-editor .elementor-drop-cap-letter{display:inline-block}<\/style>\t\t\t\t<h2>Angaben gem\u00e4\u00df \u00a7 5 TMG<\/h2>\n<p>Novicide GmbH<br>Bajuwarenstra\u00dfe 3<br>85095 Denkendorf<\/p>\n<h2>Kontakt<\/h2>\n<p>Telefon:&nbsp;<a href=\"tel:+4984669516053\">+49 (0) 8466 \u2013 9 51 60 53<\/a><br>E-Mail: <a href=\"mailto:info@novicide.de\">info@novicide.de<\/a><\/p>\n<h2>Inhaltlich verantwortlich gem\u00e4\u00df \u00a7 10 MDStV<\/h2>\n<p>Novicide GmbH<\/p>\n<h2>Umsatzsteuer-Identifikationsnummer gem\u00e4\u00df \u00a7 27 a<\/h2>\n<p>Ust-IdNr.: DE355413804<\/p>\t\t\t\t\t\t<\/div>\n\t\t\t\t<\/div>\n\t\t\t\t<div class=\"elementor-element elementor-element-0667ab8 color-hx-blue-dark elementor-widget elementor-widget-text-editor\" data-id=\"0667ab8\" data-element_type=\"widget\" data-widget_type=\"text-editor.default\">\n\t\t\t\t<div class=\"elementor-widget-container\">\n\t\t\t\t\t\t\t<h2><span style=\"color: inherit; font-family: inherit; font-size: var( --e-global-typography-116e6fe-font-size ); letter-spacing: var( --e-global-typography-116e6fe-letter-spacing ); word-spacing: var( --e-global-typography-116e6fe-word-spacing ); text-align: var(--text-align);\">Streitschlichtung<\/span><\/h2><p>Die Europ\u00e4ische Kommission stellt eine Plattform zur Online-Streitbeilegung (OS) bereit:\u00a0<a href=\"https:\/\/ec.europa.eu\/consumers\/odr\" target=\"_blank\" rel=\"noopener noreferrer\">https:\/\/ec.europa.eu\/consumers\/odr<\/a>.<br \/>Unsere E-Mail-Adresse finden Sie oben im Impressum. Wir sind nicht bereit oder verpflichtet, an Streitbeilegungsverfahren vor einer Verbraucherschlichtungsstelle teilzunehmen.<\/p><h2>Haftung f\u00fcr Inhalte<\/h2><p>Als Diensteanbieter sind wir gem\u00e4\u00df \u00a7 7 Abs.1 TMG f\u00fcr eigene Inhalte auf diesen Seiten nach den allgemeinen Gesetzen verantwortlich. Nach \u00a7\u00a7 8 bis 10 TMG sind wir als Diensteanbieter jedoch nicht verpflichtet, \u00fcbermittelte oder gespeicherte fremde Informationen zu \u00fcberwachen oder nach Umst\u00e4nden zu forschen, die auf eine rechtswidrige T\u00e4tigkeit hinweisen.<\/p><p>Verpflichtungen zur Entfernung oder Sperrung der Nutzung von Informationen nach den allgemeinen Gesetzen bleiben hiervon unber\u00fchrt. Eine diesbez\u00fcgliche Haftung ist jedoch erst ab dem Zeitpunkt der Kenntnis einer konkreten Rechtsverletzung m\u00f6glich. Bei Bekanntwerden von entsprechenden Rechtsverletzungen werden wir diese Inhalte umgehend entfernen.<\/p><h2>Haftung f\u00fcr Links<\/h2><p>Unser Angebot enth\u00e4lt Links zu externen Websites Dritter, auf deren Inhalte wir keinen Einfluss haben. Deshalb k\u00f6nnen wir f\u00fcr diese fremden Inhalte auch keine Gew\u00e4hr \u00fcbernehmen. F\u00fcr die Inhalte der verlinkten Seiten ist stets der jeweilige Anbieter oder Betreiber der Seiten verantwortlich. Die verlinkten Seiten wurden zum Zeitpunkt der Verlinkung auf m\u00f6gliche Rechtsverst\u00f6\u00dfe \u00fcberpr\u00fcft. Rechtswidrige Inhalte waren zum Zeitpunkt der Verlinkung nicht erkennbar.<\/p><p>Eine permanente inhaltliche Kontrolle der verlinkten Seiten ist jedoch ohne konkrete Anhaltspunkte einer Rechtsverletzung nicht zumutbar. Bei Bekanntwerden von Rechtsverletzungen werden wir derartige Links umgehend entfernen.<\/p><h2>Urheberrecht<\/h2><p>Die durch die Seitenbetreiber erstellten Inhalte und Werke auf diesen Seiten unterliegen dem deutschen Urheberrecht. Die Vervielf\u00e4ltigung, Bearbeitung, Verbreitung und jede Art der Verwertung au\u00dferhalb der Grenzen des Urheberrechtes bed\u00fcrfen der schriftlichen Zustimmung des jeweiligen Autors bzw. Erstellers. Downloads und Kopien dieser Seite sind nur f\u00fcr den privaten, nicht kommerziellen Gebrauch gestattet.<\/p><p>Soweit die Inhalte auf dieser Seite nicht vom Betreiber erstellt wurden, werden die Urheberrechte Dritter beachtet. Insbesondere werden Inhalte Dritter als solche gekennzeichnet. Sollten Sie trotzdem auf eine Urheberrechtsverletzung aufmerksam werden, bitten wir um einen entsprechenden Hinweis. Bei Bekanntwerden von Rechtsverletzungen werden wir derartige Inhalte umgehend entfernen.<\/p>\t\t\t\t\t\t<\/div>\n\t\t\t\t<\/div>\n\t\t\t\t<div class=\"elementor-element elementor-element-5078b79 color-hx-blue-dark elementor-widget elementor-widget-text-editor\" data-id=\"5078b79\" data-element_type=\"widget\" data-widget_type=\"text-editor.default\">\n\t\t\t\t<div class=\"elementor-widget-container\">\n\t\t\t\t\t\t\t<h2>Gestaltung und Umsetzung<\/h2><p><a href=\"https:\/\/www.rauchbauer.de\/\" target=\"_blank\" rel=\"noopener\">Rauchbauer &amp; Partner<\/a><\/p><h2>Bildnachweise<\/h2><p>Novicide GmbH<br \/>Rauchbauer und Partner Werbeagentur GmbH<br \/>stock.adobe.com \u2013 #214976746 \u2013 \u00a9phpetrunina14<br \/>stock.adobe.com \u2013 #305685036 \u2013 \u00a9Oleg Gekman<br \/>stock.adobe.com \u2013 #503536517 \u2013 \u00a9natali_mis<br \/>stock.adobe.com \u2013 #172812573 \u2013 \u00a9Oleg Gekman<br \/>stock.adobe.com \u2013 #123683772 \u2013 \u00a9luckybusiness<br \/>stock.adobe.com \u2013 #84930529 \u2013 \u00a9kwanchaift<br \/>stock.adobe.com \u2013 #614767167 \u2013 \u00a9Cali6ro<br \/>stock.adobe.com \u2013 #286229706 \u2013 \u00a9Kompor<br \/>stock.adobe.com \u2013 #211884409 \u2013 \u00a9Aygun<\/p>\t\t\t\t\t\t<\/div>\n\t\t\t\t<\/div>\n\t\t\t\t<div class=\"elementor-element elementor-element-46e14dc elementor-widget elementor-widget-spacer\" data-id=\"46e14dc\" data-element_type=\"widget\" data-widget_type=\"spacer.default\">\n\t\t\t\t<div class=\"elementor-widget-container\">\n\t\t\t<style>\/*! elementor - v3.19.0 - 29-01-2024 *\/\n.elementor-column .elementor-spacer-inner{height:var(--spacer-size)}.e-con{--container-widget-width:100%}.e-con-inner>.elementor-widget-spacer,.e-con>.elementor-widget-spacer{width:var(--container-widget-width,var(--spacer-size));--align-self:var(--container-widget-align-self,initial);--flex-shrink:0}.e-con-inner>.elementor-widget-spacer>.elementor-widget-container,.e-con>.elementor-widget-spacer>.elementor-widget-container{height:100%;width:100%}.e-con-inner>.elementor-widget-spacer>.elementor-widget-container>.elementor-spacer,.e-con>.elementor-widget-spacer>.elementor-widget-container>.elementor-spacer{height:100%}.e-con-inner>.elementor-widget-spacer>.elementor-widget-container>.elementor-spacer>.elementor-spacer-inner,.e-con>.elementor-widget-spacer>.elementor-widget-container>.elementor-spacer>.elementor-spacer-inner{height:var(--container-widget-height,var(--spacer-size))}.e-con-inner>.elementor-widget-spacer.elementor-widget-empty,.e-con>.elementor-widget-spacer.elementor-widget-empty{position:relative;min-height:22px;min-width:22px}.e-con-inner>.elementor-widget-spacer.elementor-widget-empty .elementor-widget-empty-icon,.e-con>.elementor-widget-spacer.elementor-widget-empty .elementor-widget-empty-icon{position:absolute;top:0;bottom:0;left:0;right:0;margin:auto;padding:0;width:22px;height:22px}<\/style>\t\t<div class=\"elementor-spacer\">\n\t\t\t<div class=\"elementor-spacer-inner\"><\/div>\n\t\t<\/div>\n\t\t\t\t<\/div>\n\t\t\t\t<\/div>\n\t\t\t\t<div class=\"elementor-element elementor-element-1417b74 spacer--80y-on-1920x-eq-100vw elementor-widget elementor-widget-spacer\" data-id=\"1417b74\" data-element_type=\"widget\" data-widget_type=\"spacer.default\">\n\t\t\t\t<div class=\"elementor-widget-container\">\n\t\t\t\t\t<div class=\"elementor-spacer\">\n\t\t\t<div class=\"elementor-spacer-inner\"><\/div>\n\t\t<\/div>\n\t\t\t\t<\/div>\n\t\t\t\t<\/div>\n\t\t\t\t\t<\/div>\n\t\t\t\t<\/div>\n\t\t\t\t<\/div>\n\t\t\t\t<\/div>\n\t\t\t\t<\/div>\n\t\t","protected":false},"excerpt":{"rendered":"<p>Impressum Angaben gem\u00e4\u00df \u00a7 5 TMG Novicide GmbHBajuwarenstra\u00dfe 385095 Denkendorf Kontakt Telefon:&nbsp;+49 (0) 8466 \u2013 9 51 60 53E-Mail: info@novicide.de Inhaltlich verantwortlich gem\u00e4\u00df \u00a7 10 MDStV Novicide GmbH Umsatzsteuer-Identifikationsnummer gem\u00e4\u00df \u00a7 27 a Ust-IdNr.: DE355413804 Streitschlichtung Die Europ\u00e4ische Kommission stellt eine Plattform zur Online-Streitbeilegung (OS) bereit:\u00a0https:\/\/ec.europa.eu\/consumers\/odr.Unsere E-Mail-Adresse finden Sie oben im Impressum. Wir sind nicht [&hellip;]<\/p>\n","protected":false},"author":1,"featured_media":0,"parent":0,"menu_order":0,"comment_status":"closed","ping_status":"closed","template":"","meta":{"inline_featured_image":false,"footnotes":""},"categories":[],"tags":[],"page-template-category":[18],"acf":[],"yoast_head":"<!-- This site is optimized with the Yoast SEO plugin v21.5 - https:\/\/yoast.com\/wordpress\/plugins\/seo\/ -->\n<title>Impressum - Novicide GmbH<\/title>\n<meta name=\"robots\" content=\"index, follow, max-snippet:-1, max-image-preview:large, max-video-preview:-1\" \/>\n<link rel=\"canonical\" href=\"https:\/\/www.novicide.de\/de\/impressum\/\" \/>\n<meta property=\"og:locale\" content=\"de_DE\" \/>\n<meta property=\"og:type\" content=\"article\" \/>\n<meta property=\"og:title\" content=\"Impressum - Novicide GmbH\" \/>\n<meta property=\"og:description\" content=\"Impressum Angaben gem\u00e4\u00df \u00a7 5 TMG Novicide GmbHBajuwarenstra\u00dfe 385095 Denkendorf Kontakt Telefon:&nbsp;+49 (0) 8466 \u2013 9 51 60 53E-Mail: info@novicide.de Inhaltlich verantwortlich gem\u00e4\u00df \u00a7 10 MDStV Novicide GmbH Umsatzsteuer-Identifikationsnummer gem\u00e4\u00df \u00a7 27 a Ust-IdNr.: DE355413804 Streitschlichtung Die Europ\u00e4ische Kommission stellt eine Plattform zur Online-Streitbeilegung (OS) bereit:\u00a0https:\/\/ec.europa.eu\/consumers\/odr.Unsere E-Mail-Adresse finden Sie oben im Impressum. Wir sind nicht [&hellip;]\" \/>\n<meta property=\"og:url\" content=\"https:\/\/www.novicide.de\/de\/impressum\/\" \/>\n<meta property=\"og:site_name\" content=\"Novicide GmbH\" \/>\n<meta property=\"article:modified_time\" content=\"2024-07-30T06:56:35+00:00\" \/>\n<meta property=\"og:image\" content=\"https:\/\/www.novicide.de\/wp-content\/uploads\/header_ueber_uns.jpg\" \/>\n<meta name=\"twitter:card\" content=\"summary_large_image\" \/>\n<meta name=\"twitter:label1\" content=\"Gesch\u00e4tzte Lesezeit\" \/>\n\t<meta name=\"twitter:data1\" content=\"3 Minuten\" \/>\n<script type=\"application\/ld+json\" class=\"yoast-schema-graph\">{\"@context\":\"https:\/\/schema.org\",\"@graph\":[{\"@type\":\"WebPage\",\"@id\":\"https:\/\/www.novicide.de\/de\/impressum\/\",\"url\":\"https:\/\/www.novicide.de\/de\/impressum\/\",\"name\":\"Impressum - Novicide GmbH\",\"isPartOf\":{\"@id\":\"https:\/\/www.novicide.de\/de\/#website\"},\"datePublished\":\"2023-03-30T12:08:30+00:00\",\"dateModified\":\"2024-07-30T06:56:35+00:00\",\"breadcrumb\":{\"@id\":\"https:\/\/www.novicide.de\/de\/impressum\/#breadcrumb\"},\"inLanguage\":\"de-DE\",\"potentialAction\":[{\"@type\":\"ReadAction\",\"target\":[\"https:\/\/www.novicide.de\/de\/impressum\/\"]}]},{\"@type\":\"BreadcrumbList\",\"@id\":\"https:\/\/www.novicide.de\/de\/impressum\/#breadcrumb\",\"itemListElement\":[{\"@type\":\"ListItem\",\"position\":1,\"name\":\"Startseite\",\"item\":\"https:\/\/www.novicide.de\/de\/\"},{\"@type\":\"ListItem\",\"position\":2,\"name\":\"Impressum\"}]},{\"@type\":\"WebSite\",\"@id\":\"https:\/\/www.novicide.de\/de\/#website\",\"url\":\"https:\/\/www.novicide.de\/de\/\",\"name\":\"Novicide GmbH\",\"description\":\"Professionelle Desinfektions- und Hygieneprodukte\",\"publisher\":{\"@id\":\"https:\/\/www.novicide.de\/de\/#organization\"},\"potentialAction\":[{\"@type\":\"SearchAction\",\"target\":{\"@type\":\"EntryPoint\",\"urlTemplate\":\"https:\/\/www.novicide.de\/de\/?s={search_term_string}\"},\"query-input\":\"required name=search_term_string\"}],\"inLanguage\":\"de-DE\"},{\"@type\":\"Organization\",\"@id\":\"https:\/\/www.novicide.de\/de\/#organization\",\"name\":\"Novicide GmbH\",\"alternateName\":\"Novicide\",\"url\":\"https:\/\/www.novicide.de\/de\/\",\"logo\":{\"@type\":\"ImageObject\",\"inLanguage\":\"de-DE\",\"@id\":\"https:\/\/www.novicide.de\/de\/#\/schema\/logo\/image\/\",\"url\":\"https:\/\/www.novicide.de\/wp-content\/uploads\/logo-novicide.png\",\"contentUrl\":\"https:\/\/www.novicide.de\/wp-content\/uploads\/logo-novicide.png\",\"width\":308,\"height\":76,\"caption\":\"Novicide GmbH\"},\"image\":{\"@id\":\"https:\/\/www.novicide.de\/de\/#\/schema\/logo\/image\/\"}}]}<\/script>\n<!-- \/ Yoast SEO plugin. -->","yoast_head_json":{"title":"Impressum - Novicide GmbH","robots":{"index":"index","follow":"follow","max-snippet":"max-snippet:-1","max-image-preview":"max-image-preview:large","max-video-preview":"max-video-preview:-1"},"canonical":"https:\/\/www.novicide.de\/de\/impressum\/","og_locale":"de_DE","og_type":"article","og_title":"Impressum - Novicide GmbH","og_description":"Impressum Angaben gem\u00e4\u00df \u00a7 5 TMG Novicide GmbHBajuwarenstra\u00dfe 385095 Denkendorf Kontakt Telefon:&nbsp;+49 (0) 8466 \u2013 9 51 60 53E-Mail: info@novicide.de Inhaltlich verantwortlich gem\u00e4\u00df \u00a7 10 MDStV Novicide GmbH Umsatzsteuer-Identifikationsnummer gem\u00e4\u00df \u00a7 27 a Ust-IdNr.: DE355413804 Streitschlichtung Die Europ\u00e4ische Kommission stellt eine Plattform zur Online-Streitbeilegung (OS) bereit:\u00a0https:\/\/ec.europa.eu\/consumers\/odr.Unsere E-Mail-Adresse finden Sie oben im Impressum. Wir sind nicht [&hellip;]","og_url":"https:\/\/www.novicide.de\/de\/impressum\/","og_site_name":"Novicide GmbH","article_modified_time":"2024-07-30T06:56:35+00:00","og_image":[{"url":"https:\/\/www.novicide.de\/wp-content\/uploads\/header_ueber_uns.jpg"}],"twitter_card":"summary_large_image","twitter_misc":{"Gesch\u00e4tzte Lesezeit":"3 Minuten"},"schema":{"@context":"https:\/\/schema.org","@graph":[{"@type":"WebPage","@id":"https:\/\/www.novicide.de\/de\/impressum\/","url":"https:\/\/www.novicide.de\/de\/impressum\/","name":"Impressum - Novicide GmbH","isPartOf":{"@id":"https:\/\/www.novicide.de\/de\/#website"},"datePublished":"2023-03-30T12:08:30+00:00","dateModified":"2024-07-30T06:56:35+00:00","breadcrumb":{"@id":"https:\/\/www.novicide.de\/de\/impressum\/#breadcrumb"},"inLanguage":"de-DE","potentialAction":[{"@type":"ReadAction","target":["https:\/\/www.novicide.de\/de\/impressum\/"]}]},{"@type":"BreadcrumbList","@id":"https:\/\/www.novicide.de\/de\/impressum\/#breadcrumb","itemListElement":[{"@type":"ListItem","position":1,"name":"Startseite","item":"https:\/\/www.novicide.de\/de\/"},{"@type":"ListItem","position":2,"name":"Impressum"}]},{"@type":"WebSite","@id":"https:\/\/www.novicide.de\/de\/#website","url":"https:\/\/www.novicide.de\/de\/","name":"Novicide GmbH","description":"Professionelle Desinfektions- und Hygieneprodukte","publisher":{"@id":"https:\/\/www.novicide.de\/de\/#organization"},"potentialAction":[{"@type":"SearchAction","target":{"@type":"EntryPoint","urlTemplate":"https:\/\/www.novicide.de\/de\/?s={search_term_string}"},"query-input":"required name=search_term_string"}],"inLanguage":"de-DE"},{"@type":"Organization","@id":"https:\/\/www.novicide.de\/de\/#organization","name":"Novicide GmbH","alternateName":"Novicide","url":"https:\/\/www.novicide.de\/de\/","logo":{"@type":"ImageObject","inLanguage":"de-DE","@id":"https:\/\/www.novicide.de\/de\/#\/schema\/logo\/image\/","url":"https:\/\/www.novicide.de\/wp-content\/uploads\/logo-novicide.png","contentUrl":"https:\/\/www.novicide.de\/wp-content\/uploads\/logo-novicide.png","width":308,"height":76,"caption":"Novicide GmbH"},"image":{"@id":"https:\/\/www.novicide.de\/de\/#\/schema\/logo\/image\/"}}]}},"_links":{"self":[{"href":"https:\/\/www.novicide.de\/de\/wp-json\/wp\/v2\/pages\/6"}],"collection":[{"href":"https:\/\/www.novicide.de\/de\/wp-json\/wp\/v2\/pages"}],"about":[{"href":"https:\/\/www.novicide.de\/de\/wp-json\/wp\/v2\/types\/page"}],"author":[{"embeddable":true,"href":"https:\/\/www.novicide.de\/de\/wp-json\/wp\/v2\/users\/1"}],"replies":[{"embeddable":true,"href":"https:\/\/www.novicide.de\/de\/wp-json\/wp\/v2\/comments?post=6"}],"version-history":[{"count":56,"href":"https:\/\/www.novicide.de\/de\/wp-json\/wp\/v2\/pages\/6\/revisions"}],"predecessor-version":[{"id":2180,"href":"https:\/\/www.novicide.de\/de\/wp-json\/wp\/v2\/pages\/6\/revisions\/2180"}],"wp:attachment":[{"href":"https:\/\/www.novicide.de\/de\/wp-json\/wp\/v2\/media?parent=6"}],"wp:term":[{"taxonomy":"category","embeddable":true,"href":"https:\/\/www.novicide.de\/de\/wp-json\/wp\/v2\/categories?post=6"},{"taxonomy":"post_tag","embeddable":true,"href":"https:\/\/www.novicide.de\/de\/wp-json\/wp\/v2\/tags?post=6"},{"taxonomy":"page-template-category","embeddable":true,"href":"https:\/\/www.novicide.de\/de\/wp-json\/wp\/v2\/page-template-category?post=6"}],"curies":[{"name":"wp","href":"https:\/\/api.w.org\/{rel}","templated":true}]}}